{"id":162,"date":"2024-02-08T04:43:54","date_gmt":"2024-02-08T04:43:54","guid":{"rendered":"https:\/\/crshome.vn\/?page_id=162"},"modified":"2024-02-16T22:02:15","modified_gmt":"2024-02-17T05:02:15","slug":"phong-thuy-ve-mai-ngoi","status":"publish","type":"page","link":"https:\/\/crshome.vn\/index.php\/phong-thuy-ve-mai-ngoi\/","title":{"rendered":"Phong Th\u1ee7y V\u1ec1 M\u00e1i Ng\u00f3i"},"content":{"rendered":"\n<p>Phong th\u1ee7y hi\u1ec7n nay \u0111\u00e3 tr\u1edf n\u00ean ph\u1ed5 bi\u1ebfn v\u00e0 ng\u00e0y c\u00e0ng quan trong trong cu\u1ed9c s\u1ed1ng h\u00e0ng ng\u00e0y v\u00e0 \u0111\u1eb7c bi\u1ec7t l\u00e0 v\u1ec1 phong th\u1ee7y m\u00e1i ng\u00f3i.H\u00e3y c\u00f9ng <a href=\"http:\/\/crshome.vn\">CRS<\/a> t\u00ecm hi\u1ec3u ngay.<\/p>\n\n\n\n<p>\u0110\u1ed1i v\u1edbi x\u00e2y d\u1ef1ng th\u00ec phong th\u1ee7y l\u1ea1i c\u00e0ng quan tr\u1ecdng h\u01a1n.N\u00f3 li\u00ean quan \u0111\u1ebfn c\u00e1ch \u0111\u1eb7t h\u01b0\u1edbng, m\u00e0u s\u1eafc, n\u1ed9i th\u1ea5t,&#8230;..<\/p>\n\n\n\n<p>M\u00e1i ng\u00f3i m\u1ed9t trong ba y\u1ebfu t\u1ed1 quan tr\u1ecdng c\u1ee7a ng\u00f4i nh\u00e0 th\u00ec y\u1ebfu t\u1ed1 phong th\u1ee7y v\u1ec1 m\u00e1i ng\u00f3i l\u1ea1i c\u00e0ng r\u00f5 n\u00e9t. Nh\u01b0 ch\u1ecdn m\u00e0u s\u1eafc h\u1ee3p v\u1edbi gia ch\u1ee7 \u0111\u1ed3ng th\u1eddi ph\u1ea3i h\u00f2a h\u1ee3p v\u1edbi t\u1ed5ng th\u1ec3 ng\u00f4i nh\u00e0. D\u01b0\u1edbi \u0111\u00e2y l\u00e0 nh\u1eefng s\u01b0u t\u1ea7m m\u00e0 <a href=\"http:\/\/mainhacrs.com\">CRS<\/a> c\u00f3 \u0111\u01b0\u1ee3c c\u00e1c b\u1ea1n h\u00e3y xem qua.<\/p>\n\n\n\n<p>D\u1ef1a v\u00e0o nguy\u00ean t\u1eafc phong thu\u1ef7 v\u00e0 v\u0103n ho\u00e1 ph\u01b0\u01a1ng \u0110\u00f4ng, ng\u01b0\u1eddi ta c\u00f3 m\u1ed9t s\u1ed1 bi\u1ec7n ph\u00e1p trong c\u00e1c c\u00f4ng vi\u1ec7c ch\u1ecdn m\u00e0u s\u1eafc theo ng\u0169 h\u00e0nh. \u0110\u00f3 l\u00e0 c\u00e1ch ph\u1ed1i m\u00e0u sinh th\u0103ng \u2013 kh\u1eafc gi\u00e1ng theo kh\u00f4ng gian v\u00e0 theo ng\u0169 h\u00e0nh m\u1ec7nh tr\u1ea1ch c\u1ee7a gia ch\u1ee7.<\/p>\n\n\n\n<p>Sinh th\u0103ng: \u0111i t\u1eeb d\u01b0\u1edbi l\u00ean tr\u00ean, b\u1eaft \u0111\u1ea7u t\u1eeb m\u00e0u n\u1ec1n s\u1ebd sinh m\u00e0u t\u01b0\u1eddng v\u00e1ch, m\u00e0u n\u00f3 l\u1ea1i ti\u1ebfp di\u1ec5n sinh m\u00e0u m\u00e1i (hay m\u00e0u tr\u1ea7n).<\/p>\n\n\n\n<p>Kh\u1eafc gi\u00e1ng: ti\u1ebfn h\u00e0nh ng\u01b0\u1ee3c l\u1ea1i, \u0111i t\u1eeb tr\u00ean xu\u1ed1ng d\u01b0\u1edbi, t\u1ee9c m\u00e0u m\u00e1i (hay m\u00e0u tr\u1ea7n) s\u1ebd kh\u1eafc m\u00e0u t\u01b0\u1eddng, r\u1ed3i m\u00e0u v\u00e1ch t\u01b0\u1eddng l\u1ea1i ti\u1ebfp di\u1ec5n kh\u1eafc xu\u1ed1ng m\u00e0u c\u1ee7a n\u1ec1n hay s\u00e0n.<\/p>\n\n\n\n<ul class=\"wp-block-list\">\n<li>Trong m\u1ed1i quan h\u1ec7 Sinh th\u00ec M\u1ed9c sinh H\u1ecfa; H\u1ecfa sinh Th\u1ed5; Th\u1ed5 sinh Kim, Kim sinh Th\u1ee7y, Th\u1ee7y sinh M\u1ed9c.<\/li>\n<\/ul>\n\n\n\n<ul class=\"wp-block-list\">\n<li>Trong m\u1ed1i quan h\u1ec7 Kh\u1eafc th\u00ec M\u1ed9c kh\u1eafc Th\u1ed5, Th\u1ed5 kh\u1eafc Th\u1ee7y, Th\u1ee7y kh\u1eafc H\u1ecfa, H\u1ecfa kh\u1eafc Kim, Kim kh\u1eafc M\u1ed9c.<\/li>\n<\/ul>\n\n\n\n<figure data-wp-context=\"{&quot;imageId&quot;:&quot;69e27bc10fed4&quot;}\" data-wp-interactive=\"core\/image\" data-wp-key=\"69e27bc10fed4\" class=\"wp-block-image size-large wp-lightbox-container\"><img loading=\"lazy\" decoding=\"async\" width=\"1024\" height=\"576\" data-wp-class--hide=\"state.isContentHidden\" data-wp-class--show=\"state.isContentVisible\" data-wp-init=\"callbacks.setButtonStyles\" data-wp-on--click=\"actions.showLightbox\" data-wp-on--load=\"callbacks.setButtonStyles\" data-wp-on-window--resize=\"callbacks.setButtonStyles\" src=\"https:\/\/crshome.vn\/wp-content\/uploads\/2024\/02\/www.cukcuk.vn-wp-content-uploads-2022-02-_hinh-phong-thuy-1024x576.png\" alt=\"phong th\u1ee7y m\u00e1i ng\u00f3i\" class=\"wp-image-170\" srcset=\"https:\/\/crshome.vn\/wp-content\/uploads\/2024\/02\/www.cukcuk.vn-wp-content-uploads-2022-02-_hinh-phong-thuy-1024x576.png 1024w, https:\/\/crshome.vn\/wp-content\/uploads\/2024\/02\/www.cukcuk.vn-wp-content-uploads-2022-02-_hinh-phong-thuy-300x169.png 300w, https:\/\/crshome.vn\/wp-content\/uploads\/2024\/02\/www.cukcuk.vn-wp-content-uploads-2022-02-_hinh-phong-thuy-768x432.png 768w, https:\/\/crshome.vn\/wp-content\/uploads\/2024\/02\/www.cukcuk.vn-wp-content-uploads-2022-02-_hinh-phong-thuy.png 1280w\" sizes=\"auto, (max-width: 1024px) 100vw, 1024px\" \/><button\n\t\t\tclass=\"lightbox-trigger\"\n\t\t\ttype=\"button\"\n\t\t\taria-haspopup=\"dialog\"\n\t\t\taria-label=\"Ph\u00f3ng to\"\n\t\t\tdata-wp-init=\"callbacks.initTriggerButton\"\n\t\t\tdata-wp-on--click=\"actions.showLightbox\"\n\t\t\tdata-wp-style--right=\"state.imageButtonRight\"\n\t\t\tdata-wp-style--top=\"state.imageButtonTop\"\n\t\t>\n\t\t\t<svg xmlns=\"http:\/\/www.w3.org\/2000\/svg\" width=\"12\" height=\"12\" fill=\"none\" viewBox=\"0 0 12 12\">\n\t\t\t\t<path fill=\"#fff\" d=\"M2 0a2 2 0 0 0-2 2v2h1.5V2a.5.5 0 0 1 .5-.5h2V0H2Zm2 10.5H2a.5.5 0 0 1-.5-.5V8H0v2a2 2 0 0 0 2 2h2v-1.5ZM8 12v-1.5h2a.5.5 0 0 0 .5-.5V8H12v2a2 2 0 0 1-2 2H8Zm2-12a2 2 0 0 1 2 2v2h-1.5V2a.5.5 0 0 0-.5-.5H8V0h2Z\" \/>\n\t\t\t<\/svg>\n\t\t<\/button><\/figure>\n\n\n\n<p>T\u01b0\u01a1ng sinh theo ng\u0169 h\u00e0nh m\u1ec7nh tr\u1ea1ch th\u00ec l\u1ea5y m\u00e0u thu\u1ed9c b\u1ea3n m\u1ec7nh c\u1ee7a ch\u1ee7 nh\u00e0 v\u00e0 hai m\u00e0u tr\u01b0\u1edbc \u2013 sau tr\u00ean v\u00f2ng tr\u00f2n sinh kh\u1eafc m\u00e0 ph\u1ed1i. M\u00e0u ch\u1ebf ng\u1ef1 (hai m\u00e0u \u1edf xa c\u00f2n l\u1ea1i) th\u00ec n\u00ean d\u00f9ng h\u1ea1n ch\u1ebf.<\/p>\n\n\n\n<p>D\u01b0\u1edbi \u0111\u00e2y l\u00e0 b\u1ea3ng m\u00e0u s\u1eafc v\u00e0 \u00fd ngh\u0129a mang l\u1ea1i c\u1ee7a m\u1ed7i m\u00e0u:<\/p>\n\n\n\n<ol class=\"wp-block-list\">\n<li><strong>M\u00e0u \u0110\u1ecf<\/strong><\/li>\n<\/ol>\n\n\n\n<ul class=\"wp-block-list\">\n<li>\u0110\u1ecf l\u00e0 m\u00e0u s\u1eafc t\u01b0\u1ee3ng tr\u01b0ng cho s\u1ee9c m\u1ea1nh c\u1ee7a l\u1eeda. \u0110\u00e2y \u0111\u01b0\u1ee3c xem l\u00e0 s\u1eafc m\u00e0u may m\u1eafn trong phong th\u1ee7y, v\u00ec th\u1ebf, b\u1ea1n s\u1ebd nh\u1eadn th\u1ea5y t\u00f4ng m\u00e0u n\u00e0y xu\u1ea5t hi\u1ec7n trong c\u00e1c cung \u0111i\u1ec7n l\u00e0 ph\u1ed5 bi\u1ebfn. Gam m\u00e0u n\u00e0y d\u00e0nh cho c\u00e1c gia ch\u1ee7 m\u1ec7nh H\u1ecfa nh\u01b0ng b\u1ea1n c\u1ea7n s\u1eed d\u1ee5ng ti\u1ebft ch\u1ebf b\u1edfi s\u1eafc m\u00e0u kh\u00e1 n\u1ed5i b\u1eadt. V\u1edbi ph\u00f2ng ng\u1ee7 tr\u1ebb em, ng\u01b0\u1eddi gi\u00e0 n\u00ean tr\u00e1nh s\u1eed d\u1ee5ng s\u1eafc m\u00e0u n\u00e0y.<\/li>\n<\/ul>\n\n\n\n<ol class=\"wp-block-list\" start=\"2\">\n<li><strong>M\u00e0u V\u00e0ng<\/strong><\/li>\n<\/ol>\n\n\n\n<ul class=\"wp-block-list\">\n<li>M\u00e0u phong th\u1ee7y s\u1eafc v\u00e0ng bi\u1ec3u t\u01b0\u1ee3ng s\u1ef1 r\u1ef1c r\u1ee1 c\u1ee7a \u00e1nh n\u1eafng m\u1eb7t tr\u1eddi, s\u1ef1 t\u01b0\u01a1i vui. T\u00f4ng m\u00e0u n\u00e0y l\u00e0m b\u1eebng s\u00e1ng kh\u00f4ng gian m\u1ed9t c\u00e1ch \u1ea5m \u00e1p v\u00e0 t\u1ef1 nhi\u00ean. B\u1ea1n n\u00ean s\u1eed d\u1ee5ng m\u00e0u s\u01a1n n\u00e0y trong ph\u00f2ng b\u1ebfp \u0103n hay ph\u00f2ng c\u00f3 tr\u1ebb em. K\u1ebft h\u1ee3p s\u1eafc v\u00e0ng \u1edf \u0111\u1ed9 \u0111\u1eadm nh\u1ea1t kh\u00e1c nhau gi\u00fap b\u1ea1n trang tr\u00ed ng\u00f4i nh\u00e0 \u1ea5n t\u01b0\u1ee3ng. H\u01a1n n\u1eefa, l\u1ef1a ch\u1ecdn n\u1ed9i th\u1ea5t m\u00e0u v\u00e0ng t\u1ea1o c\u1ea3m gi\u00e1c sang tr\u1ecdng v\u00e0 \u0111\u1eb3ng c\u1ea5p cho ng\u00f4i nh\u00e0. M\u00e0u s\u1eafc n\u00e0y ph\u00f9 h\u1ee3p v\u1edbi gia ch\u1ee7 m\u1ec7nh H\u1ecfa ho\u1eb7c Th\u1ed5.<\/li>\n<\/ul>\n\n\n\n<ol class=\"wp-block-list\" start=\"3\">\n<li><strong>M\u00e0u Tr\u1eafng<\/strong><\/li>\n<\/ol>\n\n\n\n<ul class=\"wp-block-list\">\n<li>M\u00e0u tr\u1eafng l\u00e0 m\u00e0u s\u1eafc kh\u1edfi \u0111\u1ea7u c\u1ee7a v\u1ea1n v\u1eadt. S\u1eafc m\u00e0u n\u00e0y c\u00f2n l\u00e0 bi\u1ec3u t\u01b0\u1ee3ng c\u1ee7a s\u1ef1 h\u1ed3n nhi\u00ean, trong s\u00e1ng v\u00e0 tinh khi\u1ebft. M\u00e0u tr\u1eafng mang \u0111\u1ebfn s\u1ef1 thi\u1ec7n c\u1ea3m cho ng\u01b0\u1eddi \u0111\u1ed1i di\u1ec7n. Nh\u01b0ng l\u1ef1a ch\u1ecdn m\u00e0u s\u1eafc n\u00e0y ph\u1ea3i tinh t\u1ebf \u0111\u1ec3 kh\u00f4ng t\u1ea1o c\u1ea3m gi\u00e1c qu\u00e1 gi\u1ea3n d\u1ecb, c\u00f4 \u0111\u1ed9c v\u00e0 th\u1ea5t b\u1ea1i.T\u00f4ng m\u00e0u n\u00e0y \u0111\u01b0\u1ee3c c\u00e1c gia ch\u1ee7 m\u1ec7nh Kim y\u00eau th\u00edch trong trang tr\u00ed nh\u00e0 c\u1eeda. S\u1eafc m\u00e0u th\u1ec3 hi\u1ec7n n\u1ed9i t\u00e2m tinh t\u1ebf v\u00e0 c\u1ea9n th\u1eadn c\u1ee7a ch\u1ee7 nh\u00e0 c\u0169ng nh\u01b0 mang \u0111\u1ebfn v\u01b0\u1ee3ng kh\u00ed cho gia \u0111\u00ecnh.<\/li>\n<\/ul>\n\n\n\n<ol class=\"wp-block-list\" start=\"4\">\n<li><strong>M\u00e0u Xanh Lam<\/strong><\/li>\n<\/ol>\n\n\n\n<ul class=\"wp-block-list\">\n<li>Xanh lam l\u00e0 m\u00e0u s\u1eafc d\u00e0nh cho c\u00e1c gia ch\u1ee7 m\u1ec7nh Th\u1ee7y. S\u1eafc m\u00e0u mang \u0111\u1ebfn s\u1ef1 thanh b\u00ecnh, y\u00ean t\u0129nh, \u0111\u1ed3ng th\u1eddi t\u1ea1o c\u1ea3m gi\u00e1c r\u1ed9ng l\u1edbn, m\u00eanh m\u00f4ng c\u1ee7a \u0111\u1ea1i d\u01b0\u01a1ng v\u00e0 b\u1ea7u tr\u1eddi. L\u1ef1a ch\u1ecdn m\u00e0u xanh lam trong trang tr\u00ed n\u1ed9i th\u1ea5t gi\u00fap b\u1ea1n ph\u00e1t huy t\u1ed1i \u0111a nh\u1eefng ngu\u1ed3n l\u1ef1c trong v\u0169 tr\u1ee5. M\u00e0u xanh \u1edf h\u01b0\u1edbng \u0110\u00f4ng t\u1ed1t cho s\u1ee9c kh\u1ecfe, \u1edf h\u01b0\u1edbng \u0110\u00f4ng Nam t\u1ed1t v\u1ec1 ti\u1ec1n t\u00e0i, \u1edf h\u01b0\u1edbng B\u1eafc ph\u00e1t tri\u1ec3n c\u01a1 nghi\u1ec7p.<\/li>\n<\/ul>\n\n\n\n<ol class=\"wp-block-list\" start=\"5\">\n<li><strong>M\u00e0u \u0110en<\/strong><\/li>\n<\/ol>\n\n\n\n<ul class=\"wp-block-list\">\n<li>M\u00e0u \u0111en l\u00e0 m\u00e0u c\u1ee7a ti\u1ec1n b\u1ea1c, s\u1ef1 nghi\u1ec7p v\u00e0 s\u1ee9c m\u1ea1nh. Tuy nhi\u00ean t\u00f4ng m\u00e0u n\u00e0y r\u1ea5t \u00edt \u0111\u01b0\u1ee3c d\u00f9ng \u0111\u1ec3 thi\u1ebft k\u1ebf nh\u00e0 c\u1eeda v\u00e0 trang tr\u00ed n\u1ed9i th\u1ea5t. Nh\u1eefng gia ch\u1ee7 m\u1ec7nh Th\u1ee7y n\u00ean c\u00e2n nh\u1eafc l\u1ef1a ch\u1ecdn \u0111\u1ed3 \u0111\u1ea1c m\u00e0u phong th\u1ee7y trong c\u0103n nh\u00e0 \u0111\u1ec3 nh\u1eadn \u0111\u01b0\u1ee3c may m\u1eafn v\u00e0 t\u00e0i l\u1ed9c.<\/li>\n<\/ul>\n\n\n\n<ol class=\"wp-block-list\" start=\"6\">\n<li><strong>M\u00e0u T\u00edm<\/strong><\/li>\n<\/ol>\n\n\n\n<ul class=\"wp-block-list\">\n<li>M\u00e0u t\u00edm c\u00f3 t\u00e1c \u0111\u1ed9ng l\u1edbn \u0111\u1ebfn ti\u1ec1m th\u1ee9c c\u0169ng nh\u01b0 gi\u00e1c quan c\u1ee7a con ng\u01b0\u1eddi. B\u1ea1n n\u00ean tinh t\u1ebf s\u1eed d\u1ee5ng s\u1eafc m\u00e0u n\u00e0y trong trang tr\u00ed n\u1ed9i th\u1ea5t nh\u00e0 \u1edf. Gia ch\u1ee7 m\u1ec7nh H\u1ecfa kh\u00e1 ph\u00f9 h\u1ee3p v\u1edbi t\u00f4ng m\u00e0u n\u00e0y.<\/li>\n<\/ul>\n\n\n\n<ol class=\"wp-block-list\" start=\"7\">\n<li><strong>M\u00e0u Xanh L\u00e1 C\u00e2y<\/strong><\/li>\n<\/ol>\n\n\n\n<ul class=\"wp-block-list\">\n<li>Xanh l\u00e1 c\u00e2y t\u01b0\u1ee3ng tr\u01b0ng cho s\u1ef1 c\u00e2n b\u1eb1ng v\u00e0 sinh s\u00f4i n\u1ea3y n\u1edf. M\u00e0u s\u1eafc n\u00e0y \u0111\u01b0\u1ee3c \u0111\u1eb7t \u1edf v\u1ecb tr\u00ed trung t\u00e2m, tr\u00e1i tim. \u0110\u00e2y l\u00e0 s\u1eafc m\u00e0u ph\u00f9 h\u1ee3p v\u1edbi gia ch\u1ee7 m\u1ec7nh M\u1ed9c. B\u1ea1n n\u00ean k\u1ebft h\u1ee3p kh\u00e9o l\u00e9o v\u1edbi c\u00e1c m\u00e0u s\u1eafc kh\u1eafc trong trang tr\u00ed n\u1ed9i th\u1ea5t \u0111\u1ec3 ph\u00e1t huy t\u1ed1i \u0111a n\u0103ng l\u01b0\u1ee3ng t\u1ed1t trong v\u0169 tr\u1ee5.<\/li>\n<\/ul>\n","protected":false},"excerpt":{"rendered":"<p>Phong th\u1ee7y hi\u1ec7n nay \u0111\u00e3 tr\u1edf n\u00ean ph\u1ed5 bi\u1ebfn v\u00e0 ng\u00e0y c\u00e0ng quan trong trong&#8230;<\/p>\n","protected":false},"author":1,"featured_media":168,"parent":0,"menu_order":0,"comment_status":"closed","ping_status":"closed","template":"","meta":{"footnotes":""},"class_list":["post-162","page","type-page","status-publish","has-post-thumbnail","hentry"],"yoast_head":"<!-- This site is optimized with the Yoast SEO plugin v24.4 - https:\/\/yoast.com\/wordpress\/plugins\/seo\/ -->\n<title>Phong Th\u1ee7y V\u1ec1 M\u00e1i Ng\u00f3i<\/title>\n<meta name=\"description\" content=\"Phong th\u1ee7y v\u1ec1 m\u00e1i ng\u00f3i l\u00e0 s\u1ef1 k\u1ebft h\u1ee3p h\u00e0i h\u00f2a m\u00e0u s\u1eafc c\u1ea3u m\u00e1i ng\u00f3i ph\u00f9 h\u1ee3p v\u1edbi t\u1ed5ng th\u1ec3 c\u1ee7a to\u00e0n ng\u00f4i nh\u00e0 v\u00e0 h\u1ee3p v\u1edbi gia ch\u1ee7.\" \/>\n<meta name=\"robots\" content=\"index, follow, max-snippet:-1, max-image-preview:large, max-video-preview:-1\" \/>\n<link rel=\"canonical\" href=\"https:\/\/crshome.vn\/index.php\/phong-thuy-ve-mai-ngoi\/\" \/>\n<meta property=\"og:locale\" content=\"vi_VN\" \/>\n<meta property=\"og:type\" content=\"article\" \/>\n<meta property=\"og:title\" content=\"Phong Th\u1ee7y V\u1ec1 M\u00e1i Ng\u00f3i\" \/>\n<meta property=\"og:description\" content=\"Phong th\u1ee7y v\u1ec1 m\u00e1i ng\u00f3i l\u00e0 s\u1ef1 k\u1ebft h\u1ee3p h\u00e0i h\u00f2a m\u00e0u s\u1eafc c\u1ea3u m\u00e1i ng\u00f3i ph\u00f9 h\u1ee3p v\u1edbi t\u1ed5ng th\u1ec3 c\u1ee7a to\u00e0n ng\u00f4i nh\u00e0 v\u00e0 h\u1ee3p v\u1edbi gia ch\u1ee7.\" \/>\n<meta property=\"og:url\" content=\"https:\/\/crshome.vn\/index.php\/phong-thuy-ve-mai-ngoi\/\" \/>\n<meta property=\"og:site_name\" content=\"C\u00f4ng ty TNHH MTV CRS\" \/>\n<meta property=\"article:publisher\" content=\"https:\/\/www.facebook.com\/crshome\" \/>\n<meta property=\"article:modified_time\" content=\"2024-02-17T05:02:15+00:00\" \/>\n<meta property=\"og:image\" content=\"https:\/\/crshome.vn\/wp-content\/uploads\/2024\/02\/DSC_0718-logo-scaled.jpg\" \/>\n\t<meta property=\"og:image:width\" content=\"2560\" \/>\n\t<meta property=\"og:image:height\" content=\"1714\" \/>\n\t<meta property=\"og:image:type\" content=\"image\/jpeg\" \/>\n<meta name=\"twitter:card\" content=\"summary_large_image\" \/>\n<meta name=\"twitter:label1\" content=\"\u01af\u1edbc t\u00ednh th\u1eddi gian \u0111\u1ecdc\" \/>\n\t<meta name=\"twitter:data1\" content=\"5 ph\u00fat\" \/>\n<script type=\"application\/ld+json\" class=\"yoast-schema-graph\">{\"@context\":\"https:\/\/schema.org\",\"@graph\":[{\"@type\":\"WebPage\",\"@id\":\"https:\/\/crshome.vn\/index.php\/phong-thuy-ve-mai-ngoi\/\",\"url\":\"https:\/\/crshome.vn\/index.php\/phong-thuy-ve-mai-ngoi\/\",\"name\":\"Phong Th\u1ee7y V\u1ec1 M\u00e1i Ng\u00f3i\",\"isPartOf\":{\"@id\":\"https:\/\/crshome.vn\/#website\"},\"primaryImageOfPage\":{\"@id\":\"https:\/\/crshome.vn\/index.php\/phong-thuy-ve-mai-ngoi\/#primaryimage\"},\"image\":{\"@id\":\"https:\/\/crshome.vn\/index.php\/phong-thuy-ve-mai-ngoi\/#primaryimage\"},\"thumbnailUrl\":\"https:\/\/crshome.vn\/wp-content\/uploads\/2024\/02\/DSC_0718-logo-scaled.jpg\",\"datePublished\":\"2024-02-08T04:43:54+00:00\",\"dateModified\":\"2024-02-17T05:02:15+00:00\",\"description\":\"Phong th\u1ee7y v\u1ec1 m\u00e1i ng\u00f3i l\u00e0 s\u1ef1 k\u1ebft h\u1ee3p h\u00e0i h\u00f2a m\u00e0u s\u1eafc c\u1ea3u m\u00e1i ng\u00f3i ph\u00f9 h\u1ee3p v\u1edbi t\u1ed5ng th\u1ec3 c\u1ee7a to\u00e0n ng\u00f4i nh\u00e0 v\u00e0 h\u1ee3p v\u1edbi gia ch\u1ee7.\",\"breadcrumb\":{\"@id\":\"https:\/\/crshome.vn\/index.php\/phong-thuy-ve-mai-ngoi\/#breadcrumb\"},\"inLanguage\":\"vi\",\"potentialAction\":[{\"@type\":\"ReadAction\",\"target\":[\"https:\/\/crshome.vn\/index.php\/phong-thuy-ve-mai-ngoi\/\"]}]},{\"@type\":\"ImageObject\",\"inLanguage\":\"vi\",\"@id\":\"https:\/\/crshome.vn\/index.php\/phong-thuy-ve-mai-ngoi\/#primaryimage\",\"url\":\"https:\/\/crshome.vn\/wp-content\/uploads\/2024\/02\/DSC_0718-logo-scaled.jpg\",\"contentUrl\":\"https:\/\/crshome.vn\/wp-content\/uploads\/2024\/02\/DSC_0718-logo-scaled.jpg\",\"width\":2560,\"height\":1714,\"caption\":\"phong th\u1ee7y m\u00e1i ng\u00f3i\"},{\"@type\":\"BreadcrumbList\",\"@id\":\"https:\/\/crshome.vn\/index.php\/phong-thuy-ve-mai-ngoi\/#breadcrumb\",\"itemListElement\":[{\"@type\":\"ListItem\",\"position\":1,\"name\":\"Home\",\"item\":\"https:\/\/crshome.vn\/\"},{\"@type\":\"ListItem\",\"position\":2,\"name\":\"Phong Th\u1ee7y V\u1ec1 M\u00e1i Ng\u00f3i\"}]},{\"@type\":\"WebSite\",\"@id\":\"https:\/\/crshome.vn\/#website\",\"url\":\"https:\/\/crshome.vn\/\",\"name\":\"C\u00f4ng ty TNHH MTV CRS\",\"description\":\"\",\"publisher\":{\"@id\":\"https:\/\/crshome.vn\/#organization\"},\"potentialAction\":[{\"@type\":\"SearchAction\",\"target\":{\"@type\":\"EntryPoint\",\"urlTemplate\":\"https:\/\/crshome.vn\/?s={search_term_string}\"},\"query-input\":{\"@type\":\"PropertyValueSpecification\",\"valueRequired\":true,\"valueName\":\"search_term_string\"}}],\"inLanguage\":\"vi\"},{\"@type\":\"Organization\",\"@id\":\"https:\/\/crshome.vn\/#organization\",\"name\":\"C\u00f4ng ty TNHH MTV CRS\",\"url\":\"https:\/\/crshome.vn\/\",\"logo\":{\"@type\":\"ImageObject\",\"inLanguage\":\"vi\",\"@id\":\"https:\/\/crshome.vn\/#\/schema\/logo\/image\/\",\"url\":\"https:\/\/crshome.vn\/wp-content\/uploads\/2023\/08\/cropped-LOGO.png\",\"contentUrl\":\"https:\/\/crshome.vn\/wp-content\/uploads\/2023\/08\/cropped-LOGO.png\",\"width\":1769,\"height\":358,\"caption\":\"C\u00f4ng ty TNHH MTV CRS\"},\"image\":{\"@id\":\"https:\/\/crshome.vn\/#\/schema\/logo\/image\/\"},\"sameAs\":[\"https:\/\/www.facebook.com\/crshome\"]}]}<\/script>\n<!-- \/ Yoast SEO plugin. -->","yoast_head_json":{"title":"Phong Th\u1ee7y V\u1ec1 M\u00e1i Ng\u00f3i","description":"Phong th\u1ee7y v\u1ec1 m\u00e1i ng\u00f3i l\u00e0 s\u1ef1 k\u1ebft h\u1ee3p h\u00e0i h\u00f2a m\u00e0u s\u1eafc c\u1ea3u m\u00e1i ng\u00f3i ph\u00f9 h\u1ee3p v\u1edbi t\u1ed5ng th\u1ec3 c\u1ee7a to\u00e0n ng\u00f4i nh\u00e0 v\u00e0 h\u1ee3p v\u1edbi gia ch\u1ee7.","robots":{"index":"index","follow":"follow","max-snippet":"max-snippet:-1","max-image-preview":"max-image-preview:large","max-video-preview":"max-video-preview:-1"},"canonical":"https:\/\/crshome.vn\/index.php\/phong-thuy-ve-mai-ngoi\/","og_locale":"vi_VN","og_type":"article","og_title":"Phong Th\u1ee7y V\u1ec1 M\u00e1i Ng\u00f3i","og_description":"Phong th\u1ee7y v\u1ec1 m\u00e1i ng\u00f3i l\u00e0 s\u1ef1 k\u1ebft h\u1ee3p h\u00e0i h\u00f2a m\u00e0u s\u1eafc c\u1ea3u m\u00e1i ng\u00f3i ph\u00f9 h\u1ee3p v\u1edbi t\u1ed5ng th\u1ec3 c\u1ee7a to\u00e0n ng\u00f4i nh\u00e0 v\u00e0 h\u1ee3p v\u1edbi gia ch\u1ee7.","og_url":"https:\/\/crshome.vn\/index.php\/phong-thuy-ve-mai-ngoi\/","og_site_name":"C\u00f4ng ty TNHH MTV CRS","article_publisher":"https:\/\/www.facebook.com\/crshome","article_modified_time":"2024-02-17T05:02:15+00:00","og_image":[{"width":2560,"height":1714,"url":"https:\/\/crshome.vn\/wp-content\/uploads\/2024\/02\/DSC_0718-logo-scaled.jpg","type":"image\/jpeg"}],"twitter_card":"summary_large_image","twitter_misc":{"\u01af\u1edbc t\u00ednh th\u1eddi gian \u0111\u1ecdc":"5 ph\u00fat"},"schema":{"@context":"https:\/\/schema.org","@graph":[{"@type":"WebPage","@id":"https:\/\/crshome.vn\/index.php\/phong-thuy-ve-mai-ngoi\/","url":"https:\/\/crshome.vn\/index.php\/phong-thuy-ve-mai-ngoi\/","name":"Phong Th\u1ee7y V\u1ec1 M\u00e1i Ng\u00f3i","isPartOf":{"@id":"https:\/\/crshome.vn\/#website"},"primaryImageOfPage":{"@id":"https:\/\/crshome.vn\/index.php\/phong-thuy-ve-mai-ngoi\/#primaryimage"},"image":{"@id":"https:\/\/crshome.vn\/index.php\/phong-thuy-ve-mai-ngoi\/#primaryimage"},"thumbnailUrl":"https:\/\/crshome.vn\/wp-content\/uploads\/2024\/02\/DSC_0718-logo-scaled.jpg","datePublished":"2024-02-08T04:43:54+00:00","dateModified":"2024-02-17T05:02:15+00:00","description":"Phong th\u1ee7y v\u1ec1 m\u00e1i ng\u00f3i l\u00e0 s\u1ef1 k\u1ebft h\u1ee3p h\u00e0i h\u00f2a m\u00e0u s\u1eafc c\u1ea3u m\u00e1i ng\u00f3i ph\u00f9 h\u1ee3p v\u1edbi t\u1ed5ng th\u1ec3 c\u1ee7a to\u00e0n ng\u00f4i nh\u00e0 v\u00e0 h\u1ee3p v\u1edbi gia ch\u1ee7.","breadcrumb":{"@id":"https:\/\/crshome.vn\/index.php\/phong-thuy-ve-mai-ngoi\/#breadcrumb"},"inLanguage":"vi","potentialAction":[{"@type":"ReadAction","target":["https:\/\/crshome.vn\/index.php\/phong-thuy-ve-mai-ngoi\/"]}]},{"@type":"ImageObject","inLanguage":"vi","@id":"https:\/\/crshome.vn\/index.php\/phong-thuy-ve-mai-ngoi\/#primaryimage","url":"https:\/\/crshome.vn\/wp-content\/uploads\/2024\/02\/DSC_0718-logo-scaled.jpg","contentUrl":"https:\/\/crshome.vn\/wp-content\/uploads\/2024\/02\/DSC_0718-logo-scaled.jpg","width":2560,"height":1714,"caption":"phong th\u1ee7y m\u00e1i ng\u00f3i"},{"@type":"BreadcrumbList","@id":"https:\/\/crshome.vn\/index.php\/phong-thuy-ve-mai-ngoi\/#breadcrumb","itemListElement":[{"@type":"ListItem","position":1,"name":"Home","item":"https:\/\/crshome.vn\/"},{"@type":"ListItem","position":2,"name":"Phong Th\u1ee7y V\u1ec1 M\u00e1i Ng\u00f3i"}]},{"@type":"WebSite","@id":"https:\/\/crshome.vn\/#website","url":"https:\/\/crshome.vn\/","name":"C\u00f4ng ty TNHH MTV CRS","description":"","publisher":{"@id":"https:\/\/crshome.vn\/#organization"},"potentialAction":[{"@type":"SearchAction","target":{"@type":"EntryPoint","urlTemplate":"https:\/\/crshome.vn\/?s={search_term_string}"},"query-input":{"@type":"PropertyValueSpecification","valueRequired":true,"valueName":"search_term_string"}}],"inLanguage":"vi"},{"@type":"Organization","@id":"https:\/\/crshome.vn\/#organization","name":"C\u00f4ng ty TNHH MTV CRS","url":"https:\/\/crshome.vn\/","logo":{"@type":"ImageObject","inLanguage":"vi","@id":"https:\/\/crshome.vn\/#\/schema\/logo\/image\/","url":"https:\/\/crshome.vn\/wp-content\/uploads\/2023\/08\/cropped-LOGO.png","contentUrl":"https:\/\/crshome.vn\/wp-content\/uploads\/2023\/08\/cropped-LOGO.png","width":1769,"height":358,"caption":"C\u00f4ng ty TNHH MTV CRS"},"image":{"@id":"https:\/\/crshome.vn\/#\/schema\/logo\/image\/"},"sameAs":["https:\/\/www.facebook.com\/crshome"]}]}},"_links":{"self":[{"href":"https:\/\/crshome.vn\/index.php\/wp-json\/wp\/v2\/pages\/162","targetHints":{"allow":["GET"]}}],"collection":[{"href":"https:\/\/crshome.vn\/index.php\/wp-json\/wp\/v2\/pages"}],"about":[{"href":"https:\/\/crshome.vn\/index.php\/wp-json\/wp\/v2\/types\/page"}],"author":[{"embeddable":true,"href":"https:\/\/crshome.vn\/index.php\/wp-json\/wp\/v2\/users\/1"}],"replies":[{"embeddable":true,"href":"https:\/\/crshome.vn\/index.php\/wp-json\/wp\/v2\/comments?post=162"}],"version-history":[{"count":5,"href":"https:\/\/crshome.vn\/index.php\/wp-json\/wp\/v2\/pages\/162\/revisions"}],"predecessor-version":[{"id":199,"href":"https:\/\/crshome.vn\/index.php\/wp-json\/wp\/v2\/pages\/162\/revisions\/199"}],"wp:featuredmedia":[{"embeddable":true,"href":"https:\/\/crshome.vn\/index.php\/wp-json\/wp\/v2\/media\/168"}],"wp:attachment":[{"href":"https:\/\/crshome.vn\/index.php\/wp-json\/wp\/v2\/media?parent=162"}],"curies":[{"name":"wp","href":"https:\/\/api.w.org\/{rel}","templated":true}]}}